{"id":46,"date":"2025-02-03T08:26:23","date_gmt":"2025-02-03T08:26:23","guid":{"rendered":"https:\/\/hoe-het-werkt.nl\/?page_id=46"},"modified":"2025-02-03T08:26:25","modified_gmt":"2025-02-03T08:26:25","slug":"contact","status":"publish","type":"page","link":"https:\/\/hoe-het-werkt.nl\/ro\/contact\/","title":{"rendered":"Contact"},"content":{"rendered":"<p>V\u0103 mul\u021bumim pentru interesul acordat <strong>Cum func\u021bioneaz\u0103<\/strong>. Suntem deschi\u0219i la toate \u00eentreb\u0103rile, sugestiile \u0219i feedback-ul dumneavoastr\u0103. V\u0103 rug\u0103m s\u0103 ne contacta\u021bi folosind datele de contact sau formularul de mai jos.<\/p>\n<h2>E-mail<\/h2>\n<p>Ave\u021bi \u00eentreb\u0103ri sau comentarii? Trimite\u021bi-ne un e-mail prin <a href=\"mailto:contact@hoe-het-werkt.nl\">contact@how-it-works.nl<\/a>. Ne propunem s\u0103 r\u0103spundem \u00een termen de 24 de ore.<\/p>\n<h2>Formular de feedback<\/h2>\n<p>Dori\u021bi s\u0103 ne trimite\u021bi un mesaj direct? V\u0103 rug\u0103m s\u0103 completa\u021bi formularul de mai jos \u0219i v\u0103 vom contacta c\u00e2t mai cur\u00e2nd posibil.<\/p>\n<form action=\"\/ro\/verzenden\/\" method=\"post\" data-trp-original-action=\"\/verzenden\"><label for=\"naam\">Nume:<\/label><br \/>\n<input id=\"naam\" name=\"naam\" required=\"\" type=\"text\" \/><label for=\"email\">Adresa de e-mail:<\/label><br \/>\n<input id=\"email\" name=\"email\" required=\"\" type=\"email\" \/><\/p>\n<p><label for=\"onderwerp\">Subiect:<\/label><br \/>\n<input id=\"onderwerp\" name=\"onderwerp\" required=\"\" type=\"text\" \/><\/p>\n<p><label for=\"\">Mesaj:<\/label><br \/>\n<textarea id=\"bericht\" name=\"bericht\" required=\"\" rows=\"5\"><\/textarea><\/p>\n<p><button type=\"submit\">Trimite<\/button><\/p>\n<input type=\"hidden\" name=\"trp-form-language\" value=\"ro\"\/><\/form>","protected":false},"excerpt":{"rendered":"<p>Dank je voor je interesse in HoeHetWerkt. Wij staan open voor al je vragen, suggesties en feedback. Neem gerust contact met ons op via onderstaande<\/p>","protected":false},"author":1,"featured_media":0,"parent":0,"menu_order":0,"comment_status":"closed","ping_status":"closed","template":"","meta":{"_acf_changed":false,"footnotes":""},"class_list":["post-46","page","type-page","status-publish","hentry"],"acf":[],"yoast_head":"<!-- This site is optimized with the Yoast SEO plugin v23.2 - https:\/\/yoast.com\/wordpress\/plugins\/seo\/ -->\n<title>Contact - hoe-het-werkt.nl<\/title>\n<meta name=\"robots\" content=\"index, follow, max-snippet:-1, max-image-preview:large, max-video-preview:-1\" \/>\n<link rel=\"canonical\" href=\"https:\/\/hoe-het-werkt.nl\/ro\/contact\/\" \/>\n<meta property=\"og:locale\" content=\"ro_RO\" \/>\n<meta property=\"og:type\" content=\"article\" \/>\n<meta property=\"og:title\" content=\"Contact - hoe-het-werkt.nl\" \/>\n<meta property=\"og:description\" content=\"Dank je voor je interesse in HoeHetWerkt. Wij staan open voor al je vragen, suggesties en feedback. Neem gerust contact met ons op via onderstaande\" \/>\n<meta property=\"og:url\" content=\"https:\/\/hoe-het-werkt.nl\/ro\/contact\/\" \/>\n<meta property=\"og:site_name\" content=\"hoe-het-werkt.nl\" \/>\n<meta property=\"article:modified_time\" content=\"2025-02-03T08:26:25+00:00\" \/>\n<meta name=\"twitter:card\" content=\"summary_large_image\" \/>\n<meta name=\"twitter:label1\" content=\"Timp estimat pentru citire\" \/>\n\t<meta name=\"twitter:data1\" content=\"1 minut\" \/>\n<script type=\"application\/ld+json\" class=\"yoast-schema-graph\">{\"@context\":\"https:\/\/schema.org\",\"@graph\":[{\"@type\":\"WebPage\",\"@id\":\"https:\/\/hoe-het-werkt.nl\/contact\/\",\"url\":\"https:\/\/hoe-het-werkt.nl\/contact\/\",\"name\":\"Contact - hoe-het-werkt.nl\",\"isPartOf\":{\"@id\":\"https:\/\/hoe-het-werkt.nl\/#website\"},\"datePublished\":\"2025-02-03T08:26:23+00:00\",\"dateModified\":\"2025-02-03T08:26:25+00:00\",\"breadcrumb\":{\"@id\":\"https:\/\/hoe-het-werkt.nl\/contact\/#breadcrumb\"},\"inLanguage\":\"ro-RO\",\"potentialAction\":[{\"@type\":\"ReadAction\",\"target\":[\"https:\/\/hoe-het-werkt.nl\/contact\/\"]}]},{\"@type\":\"BreadcrumbList\",\"@id\":\"https:\/\/hoe-het-werkt.nl\/contact\/#breadcrumb\",\"itemListElement\":[{\"@type\":\"ListItem\",\"position\":1,\"name\":\"Home\",\"item\":\"https:\/\/hoe-het-werkt.nl\/\"},{\"@type\":\"ListItem\",\"position\":2,\"name\":\"Contact\"}]},{\"@type\":\"WebSite\",\"@id\":\"https:\/\/hoe-het-werkt.nl\/#website\",\"url\":\"https:\/\/hoe-het-werkt.nl\/\",\"name\":\"hoe-het-werkt.nl\",\"description\":\"De Laatste Modetrends &amp; Stijltips\",\"potentialAction\":[{\"@type\":\"SearchAction\",\"target\":{\"@type\":\"EntryPoint\",\"urlTemplate\":\"https:\/\/hoe-het-werkt.nl\/?s={search_term_string}\"},\"query-input\":\"required name=search_term_string\"}],\"inLanguage\":\"ro-RO\"}]}<\/script>\n<!-- \/ Yoast SEO plugin. -->","yoast_head_json":{"title":"Contact - hoe-het-werkt.nl","robots":{"index":"index","follow":"follow","max-snippet":"max-snippet:-1","max-image-preview":"max-image-preview:large","max-video-preview":"max-video-preview:-1"},"canonical":"https:\/\/hoe-het-werkt.nl\/ro\/contact\/","og_locale":"ro_RO","og_type":"article","og_title":"Contact - hoe-het-werkt.nl","og_description":"Dank je voor je interesse in HoeHetWerkt. Wij staan open voor al je vragen, suggesties en feedback. Neem gerust contact met ons op via onderstaande","og_url":"https:\/\/hoe-het-werkt.nl\/ro\/contact\/","og_site_name":"hoe-het-werkt.nl","article_modified_time":"2025-02-03T08:26:25+00:00","twitter_card":"summary_large_image","twitter_misc":{"Timp estimat pentru citire":"1 minut"},"schema":{"@context":"https:\/\/schema.org","@graph":[{"@type":"WebPage","@id":"https:\/\/hoe-het-werkt.nl\/contact\/","url":"https:\/\/hoe-het-werkt.nl\/contact\/","name":"Contact - hoe-het-werkt.nl","isPartOf":{"@id":"https:\/\/hoe-het-werkt.nl\/#website"},"datePublished":"2025-02-03T08:26:23+00:00","dateModified":"2025-02-03T08:26:25+00:00","breadcrumb":{"@id":"https:\/\/hoe-het-werkt.nl\/contact\/#breadcrumb"},"inLanguage":"ro-RO","potentialAction":[{"@type":"ReadAction","target":["https:\/\/hoe-het-werkt.nl\/contact\/"]}]},{"@type":"BreadcrumbList","@id":"https:\/\/hoe-het-werkt.nl\/contact\/#breadcrumb","itemListElement":[{"@type":"ListItem","position":1,"name":"Home","item":"https:\/\/hoe-het-werkt.nl\/"},{"@type":"ListItem","position":2,"name":"Contact"}]},{"@type":"WebSite","@id":"https:\/\/hoe-het-werkt.nl\/#website","url":"https:\/\/hoe-het-werkt.nl\/","name":"hoe-het-werkt.nl","description":"De Laatste Modetrends &amp; Stijltips","potentialAction":[{"@type":"SearchAction","target":{"@type":"EntryPoint","urlTemplate":"https:\/\/hoe-het-werkt.nl\/?s={search_term_string}"},"query-input":"required name=search_term_string"}],"inLanguage":"ro-RO"}]}},"yoast_meta":{"yoast_wpseo_title":"","yoast_wpseo_metadesc":"","yoast_wpseo_canonical":"https:\/\/hoe-het-werkt.nl\/ro\/wp-json\/wp\/v2\/pages\/46"},"_links":{"self":[{"href":"https:\/\/hoe-het-werkt.nl\/ro\/wp-json\/wp\/v2\/pages\/46","targetHints":{"allow":["GET"]}}],"collection":[{"href":"https:\/\/hoe-het-werkt.nl\/ro\/wp-json\/wp\/v2\/pages"}],"about":[{"href":"https:\/\/hoe-het-werkt.nl\/ro\/wp-json\/wp\/v2\/types\/page"}],"author":[{"embeddable":true,"href":"https:\/\/hoe-het-werkt.nl\/ro\/wp-json\/wp\/v2\/users\/1"}],"replies":[{"embeddable":true,"href":"https:\/\/hoe-het-werkt.nl\/ro\/wp-json\/wp\/v2\/comments?post=46"}],"version-history":[{"count":1,"href":"https:\/\/hoe-het-werkt.nl\/ro\/wp-json\/wp\/v2\/pages\/46\/revisions"}],"predecessor-version":[{"id":47,"href":"https:\/\/hoe-het-werkt.nl\/ro\/wp-json\/wp\/v2\/pages\/46\/revisions\/47"}],"wp:attachment":[{"href":"https:\/\/hoe-het-werkt.nl\/ro\/wp-json\/wp\/v2\/media?parent=46"}],"curies":[{"name":"wp","href":"https:\/\/api.w.org\/{rel}","templated":true}]}}